{"id":66,"date":"2023-09-29T23:19:32","date_gmt":"2023-09-29T23:19:32","guid":{"rendered":"https:\/\/nachtolserie.kapreolo.ch\/?page_id=66"},"modified":"2025-01-08T12:04:48","modified_gmt":"2025-01-08T11:04:48","slug":"angebot-nlz","status":"publish","type":"page","link":"https:\/\/nachtolserie.kapreolo.ch\/?page_id=66","title":{"rendered":"Angebot NLZ"},"content":{"rendered":"\n<h4 class=\"wp-block-heading\">Das NLZ Z\u00fcrich \u00f6ffnet sich f\u00fcr alle Interessierten. Die Nacht OL Serie Z\u00fcrich ist Teil des Angebots. NLZ Athlet*innen starten daher Kostenfrei.<\/h4>\n\n\n\n<p>Mehr Informationen zum NLZ Z\u00fcrich erhaltet ihr bei Daniel Kobel.<\/p>\n","protected":false},"excerpt":{"rendered":"<p>Das NLZ Z\u00fcrich \u00f6ffnet sich f\u00fcr alle Interessierten. Die Nacht OL Serie Z\u00fcrich ist Teil des Angebots. NLZ Athlet*innen starten daher Kostenfrei. Mehr Informationen zum NLZ Z\u00fcrich erhaltet ihr bei Daniel Kobel.<\/p>\n","protected":false},"author":2,"featured_media":0,"parent":0,"menu_order":0,"comment_status":"closed","ping_status":"closed","template":"","meta":{"saved_in_kubio":false,"footnotes":""},"class_list":["post-66","page","type-page","status-publish","hentry"],"kubio_ai_page_context":{"short_desc":"","purpose":"general"},"_links":{"self":[{"href":"https:\/\/nachtolserie.kapreolo.ch\/index.php?rest_route=\/wp\/v2\/pages\/66","targetHints":{"allow":["GET"]}}],"collection":[{"href":"https:\/\/nachtolserie.kapreolo.ch\/index.php?rest_route=\/wp\/v2\/pages"}],"about":[{"href":"https:\/\/nachtolserie.kapreolo.ch\/index.php?rest_route=\/wp\/v2\/types\/page"}],"author":[{"embeddable":true,"href":"https:\/\/nachtolserie.kapreolo.ch\/index.php?rest_route=\/wp\/v2\/users\/2"}],"replies":[{"embeddable":true,"href":"https:\/\/nachtolserie.kapreolo.ch\/index.php?rest_route=%2Fwp%2Fv2%2Fcomments&post=66"}],"version-history":[{"count":3,"href":"https:\/\/nachtolserie.kapreolo.ch\/index.php?rest_route=\/wp\/v2\/pages\/66\/revisions"}],"predecessor-version":[{"id":211,"href":"https:\/\/nachtolserie.kapreolo.ch\/index.php?rest_route=\/wp\/v2\/pages\/66\/revisions\/211"}],"wp:attachment":[{"href":"https:\/\/nachtolserie.kapreolo.ch\/index.php?rest_route=%2Fwp%2Fv2%2Fmedia&parent=66"}],"curies":[{"name":"wp","href":"https:\/\/api.w.org\/{rel}","templated":true}]}}