{"id":59,"date":"2023-10-01T09:33:48","date_gmt":"2023-10-01T09:33:48","guid":{"rendered":"https:\/\/nachtolserie.kapreolo.ch\/?page_id=59"},"modified":"2025-01-13T14:04:31","modified_gmt":"2025-01-13T13:04:31","slug":"wettkampf_1","status":"publish","type":"page","link":"https:\/\/nachtolserie.kapreolo.ch\/?page_id=59","title":{"rendered":"Etappe_1"},"content":{"rendered":"\n<h6 class=\"wp-block-heading has-medium-font-size\">Weisungen<\/h6>\n\n\n\n<figure class=\"wp-block-table is-style-stripes\"><table><tbody><tr><td><\/td><td><\/td><td>Freitag 17. Januar<\/td><\/tr><tr><td>Organisator<\/td><td><\/td><td>olc kapreolo<\/td><\/tr><tr><td>Laufleiter<\/td><td><\/td><td>Lukas Meier<br>lukas.meier95@icloud.com<br>078 658 95 30<\/td><\/tr><tr><td>Bahnleger<\/td><td><\/td><td>Lukas Meier<\/td><\/tr><tr><td><\/td><td><\/td><td><\/td><\/tr><tr><td>Karte<\/td><td><\/td><td>C\u00e4ferberg, 1:10&#8217;000, 5m, 2024<\/td><\/tr><tr><td>Treffpunkt<\/td><td><\/td><td><a href=\"https:\/\/www.google.com\/maps\/place\/Grillstelle+K\u00e4ferberg\/data=!4m2!3m1!1s0x0:0x20cce3d78924d04a?sa=X&amp;ved=1t:2428&amp;ictx=111\" target=\"_blank\" rel=\"noreferrer noopener\">Grillplatz K\u00e4ferberg<\/a><\/td><\/tr><tr><td>Parkplatz<\/td><td><\/td><td>Anreise mit \u00d6V empfohlen<\/td><\/tr><tr><td>Startgeld<\/td><td><\/td><td>10.- (Bar oder Twint an Laufleiter, Vermerk: Nacht OL)<\/td><\/tr><tr><td><\/td><td><\/td><td><\/td><\/tr><tr><td>Modus<\/td><td><\/td><td>Einzelstart oder Massenstart<br>Massenstart nur f\u00fcr  Bahn A und B<\/td><\/tr><tr><td>Anmeldung<\/td><td><\/td><td>18.30 bis 19:30 Uhr<\/td><\/tr><tr><td>Start<\/td><td><\/td><td>18.45 bis 20.00 Uhr<br>Massenstart 19:15 Uhr<\/td><\/tr><tr><td>Zielschluss<\/td><td><\/td><td>21.00 Uhr<\/td><\/tr><tr><td><\/td><td><\/td><td><\/td><\/tr><tr><td>Livelox<\/td><td><\/td><td><a href=\"https:\/\/www.livelox.com\/?tab=allEvents&amp;timePeriod=pastWeek&amp;country=CHE&amp;sorting=relevance\" target=\"_blank\" rel=\"noreferrer noopener\">ab 20:00 Uhr hier<\/a><\/td><\/tr><tr><td>Resultate<\/td><td><\/td><td>im <a href=\"https:\/\/center.sportident.com\/results\/events?country=CH\" data-type=\"link\" data-id=\"https:\/\/center.sportident.com\/results\/events?country=CH\" target=\"_blank\" rel=\"noreferrer noopener\">SportIdent-Center<\/a><\/td><\/tr><\/tbody><\/table><\/figure>\n\n\n\n<h6 class=\"wp-block-heading has-kubio-color-1-color has-text-color has-link-color has-medium-font-size wp-elements-6bce38f84ac88833bf0d7806e2e88130\" style=\"border-style:none;border-width:0px\">Streckendaten<\/h6>\n\n\n\n<figure class=\"wp-block-table is-style-stripes\"><table><tbody><tr><td>Bahn A<\/td><td>7.7 km<\/td><td>160 hm<\/td><td>34 Posten<\/td><td>schwierig<\/td><\/tr><tr><td>Bahn B<\/td><td>6.2 km<\/td><td>135 hm<\/td><td>27 Posten<\/td><td>schwierig<\/td><\/tr><tr><td>Bahn C<\/td><td>3.8 km<\/td><td>75 hm<\/td><td>15 Posten<\/td><td>mittel<\/td><\/tr><tr><td>Bahn D<\/td><td>2.8 km<\/td><td>45 hm<\/td><td>10 Posten<\/td><td>einfach<\/td><\/tr><\/tbody><\/table><\/figure>\n\n\n\n<p><\/p>\n","protected":false},"excerpt":{"rendered":"<p>Weisungen Freitag 17. Januar Organisator olc kapreolo Laufleiter Lukas Meierlukas.meier95@icloud.com078 658 95 30 Bahnleger Lukas Meier Karte C\u00e4ferberg, 1:10&#8217;000, 5m, 2024 Treffpunkt Grillplatz K\u00e4ferberg Parkplatz Anreise mit \u00d6V empfohlen Startgeld 10.- (Bar oder Twint an Laufleiter, Vermerk: Nacht OL) Modus Einzelstart oder MassenstartMassenstart nur f\u00fcr Bahn A und B Anmeldung 18.30 bis 19:30 Uhr Start [&hellip;]<\/p>\n","protected":false},"author":2,"featured_media":0,"parent":0,"menu_order":0,"comment_status":"closed","ping_status":"closed","template":"","meta":{"saved_in_kubio":true,"footnotes":""},"class_list":["post-59","page","type-page","status-publish","hentry"],"kubio_ai_page_context":{"short_desc":"","purpose":"general"},"_links":{"self":[{"href":"https:\/\/nachtolserie.kapreolo.ch\/index.php?rest_route=\/wp\/v2\/pages\/59","targetHints":{"allow":["GET"]}}],"collection":[{"href":"https:\/\/nachtolserie.kapreolo.ch\/index.php?rest_route=\/wp\/v2\/pages"}],"about":[{"href":"https:\/\/nachtolserie.kapreolo.ch\/index.php?rest_route=\/wp\/v2\/types\/page"}],"author":[{"embeddable":true,"href":"https:\/\/nachtolserie.kapreolo.ch\/index.php?rest_route=\/wp\/v2\/users\/2"}],"replies":[{"embeddable":true,"href":"https:\/\/nachtolserie.kapreolo.ch\/index.php?rest_route=%2Fwp%2Fv2%2Fcomments&post=59"}],"version-history":[{"count":16,"href":"https:\/\/nachtolserie.kapreolo.ch\/index.php?rest_route=\/wp\/v2\/pages\/59\/revisions"}],"predecessor-version":[{"id":303,"href":"https:\/\/nachtolserie.kapreolo.ch\/index.php?rest_route=\/wp\/v2\/pages\/59\/revisions\/303"}],"wp:attachment":[{"href":"https:\/\/nachtolserie.kapreolo.ch\/index.php?rest_route=%2Fwp%2Fv2%2Fmedia&parent=59"}],"curies":[{"name":"wp","href":"https:\/\/api.w.org\/{rel}","templated":true}]}}